{"id":34969,"date":"2022-03-21T10:13:31","date_gmt":"2022-03-21T10:13:31","guid":{"rendered":"https:\/\/valsarte.com\/?post_type=product&#038;p=34969"},"modified":"2025-05-11T13:16:18","modified_gmt":"2025-05-11T13:16:18","slug":"valsarte-reserve-2015","status":"publish","type":"product","link":"https:\/\/valsarte.com\/en\/rioja-reserve-wine\/valsarte-reserve-2015\/","title":{"rendered":"Valsarte Reserve 2015"},"content":{"rendered":"<div class=\"bloque-cata\">\n<div class=\"texto-cata\">\n<h3>Tasting<\/h3>\n<ul>\n<li>Cherry red color, garnet rim.<\/li>\n<li>Aroma ripe fruit, spicy, fine cocoa, good wood, candied.<\/li>\n<li>Mouth round, tasty, fruity, ripe tannins, powerful, good acidity and persistent.<\/li>\n<\/ul>\n<\/div>\n<div class=\"imagen-cata\"><img fetchpriority=\"high\" decoding=\"async\" class=\"wp-image-33840 size-full alignright\" src=\"https:\/\/valsarte.com\/wp-content\/uploads\/2024\/10\/ARH_11-10-24340-min-1.png\" alt=\"Vi\u00f1edo en \u00c1balos de la Bodega Solana de Ram\u00edrez\" width=\"2052\" height=\"1560\" title=\"\" srcset=\"https:\/\/valsarte.com\/wp-content\/uploads\/2024\/10\/ARH_11-10-24340-min-1.png 2052w, https:\/\/valsarte.com\/wp-content\/uploads\/2024\/10\/ARH_11-10-24340-min-1-300x228.png 300w, https:\/\/valsarte.com\/wp-content\/uploads\/2024\/10\/ARH_11-10-24340-min-1-1024x778.png 1024w, https:\/\/valsarte.com\/wp-content\/uploads\/2024\/10\/ARH_11-10-24340-min-1-768x584.png 768w, https:\/\/valsarte.com\/wp-content\/uploads\/2024\/10\/ARH_11-10-24340-min-1-1536x1168.png 1536w, https:\/\/valsarte.com\/wp-content\/uploads\/2024\/10\/ARH_11-10-24340-min-1-2048x1557.png 2048w, https:\/\/valsarte.com\/wp-content\/uploads\/2024\/10\/ARH_11-10-24340-min-1-370x281.png 370w, https:\/\/valsarte.com\/wp-content\/uploads\/2024\/10\/ARH_11-10-24340-min-1-840x639.png 840w, https:\/\/valsarte.com\/wp-content\/uploads\/2024\/10\/ARH_11-10-24340-min-1-410x312.png 410w, https:\/\/valsarte.com\/wp-content\/uploads\/2024\/10\/ARH_11-10-24340-min-1-1200x912.png 1200w\" sizes=\"(max-width: 2052px) 100vw, 2052px\" \/><\/div>\n<\/div>\n<div class=\"bloque-especificaciones\">\n<div class=\"imagen-especificaciones\"><img decoding=\"async\" class=\"wp-image-33901 size-full alignleft\" src=\"https:\/\/valsarte.com\/wp-content\/uploads\/2024\/10\/ARH_06-10-24102-min-1.png\" alt=\"Uvas en el vi\u00f1edo de \u00c1balos en la Rioja\" width=\"668\" height=\"1062\" title=\"\" srcset=\"https:\/\/valsarte.com\/wp-content\/uploads\/2024\/10\/ARH_06-10-24102-min-1.png 668w, https:\/\/valsarte.com\/wp-content\/uploads\/2024\/10\/ARH_06-10-24102-min-1-189x300.png 189w, https:\/\/valsarte.com\/wp-content\/uploads\/2024\/10\/ARH_06-10-24102-min-1-644x1024.png 644w, https:\/\/valsarte.com\/wp-content\/uploads\/2024\/10\/ARH_06-10-24102-min-1-370x588.png 370w, https:\/\/valsarte.com\/wp-content\/uploads\/2024\/10\/ARH_06-10-24102-min-1-410x652.png 410w\" sizes=\"(max-width: 668px) 100vw, 668px\" \/><\/div>\n<div class=\"texto-especificaciones\">\n<h3>Specifications<\/h3>\n<ul>\n<li>Vintage: 2015.<\/li>\n<li>Controlled fermentation that does not exceed 26\u00ba and maceration for 20 days.<\/li>\n<li>Aging: 24 Months in Barrel. 48 Months in bottle.<\/li>\n<li>Serving temperature 14\u00b0C &#8211; 16\u00b0 C.<\/li>\n<li>Natural fermentation, may form sediments.<\/li>\n<li>Alcoholic content: 14,00 % Vol.<\/li>\n<\/ul>\n<\/div>\n<\/div>\n","protected":false},"excerpt":{"rendered":"<p class=\"texto-destacado-producto\">Valsarte Reserve 2015<\/p>\n<p><b>2nd Classified Wine Contest with DOCa Rioja 2020<\/b><\/p>\n<p class=\"texto-composicion-producto\">Composition:<\/p>\n<ul>\n<li>85% Tempranillo<\/li>\n<li>15% Graciano<\/li>\n<\/ul>\n","protected":false},"featured_media":27096,"comment_status":"open","ping_status":"closed","template":"","meta":{"_joinchat":[]},"product_brand":[],"product_cat":[257,259],"class_list":{"0":"post-34969","1":"product","2":"type-product","3":"status-publish","4":"has-post-thumbnail","6":"product_cat-rioja-red-wine","7":"product_cat-rioja-reserve-wine","8":"product_tag-valsarte","11":"first","12":"instock","13":"shipping-taxable","14":"purchasable","15":"product-type-simple"},"_links":{"self":[{"href":"https:\/\/valsarte.com\/en\/wp-json\/wp\/v2\/product\/34969","targetHints":{"allow":["GET"]}}],"collection":[{"href":"https:\/\/valsarte.com\/en\/wp-json\/wp\/v2\/product"}],"about":[{"href":"https:\/\/valsarte.com\/en\/wp-json\/wp\/v2\/types\/product"}],"replies":[{"embeddable":true,"href":"https:\/\/valsarte.com\/en\/wp-json\/wp\/v2\/comments?post=34969"}],"wp:featuredmedia":[{"embeddable":true,"href":"https:\/\/valsarte.com\/en\/wp-json\/wp\/v2\/media\/27096"}],"wp:attachment":[{"href":"https:\/\/valsarte.com\/en\/wp-json\/wp\/v2\/media?parent=34969"}],"wp:term":[{"taxonomy":"product_brand","embeddable":true,"href":"https:\/\/valsarte.com\/en\/wp-json\/wp\/v2\/product_brand?post=34969"},{"taxonomy":"product_cat","embeddable":true,"href":"https:\/\/valsarte.com\/en\/wp-json\/wp\/v2\/product_cat?post=34969"}],"curies":[{"name":"wp","href":"https:\/\/api.w.org\/{rel}","templated":true}]}}